{"id":3302,"date":"2024-04-18T14:03:51","date_gmt":"2024-04-18T14:03:51","guid":{"rendered":"https:\/\/www.wrap-deco.com\/?page_id=3302"},"modified":"2024-04-23T15:55:48","modified_gmt":"2024-04-23T15:55:48","slug":"murale-interieure","status":"publish","type":"page","link":"https:\/\/www.wrap-deco.com\/en\/murale-interieure\/","title":{"rendered":"Murale int\u00e9rieure"},"content":{"rendered":"<div data-elementor-type=\"wp-page\" data-elementor-id=\"3302\" class=\"elementor elementor-3302\">\n\t\t\t\t\t\t<section class=\"elementor-section elementor-top-section elementor-element elementor-element-4d9f236 elementor-section-full_width elementor-section-height-default elementor-section-height-default\" data-id=\"4d9f236\" data-element_type=\"section\">\n\t\t\t\t\t\t<div class=\"elementor-container elementor-column-gap-no\">\n\t\t\t\t\t<div class=\"elementor-column elementor-col-100 elementor-top-column elementor-element elementor-element-ae4c5db\" data-id=\"ae4c5db\" data-element_type=\"column\">\n\t\t\t<div class=\"elementor-widget-wrap elementor-element-populated\">\n\t\t\t\t\t\t<div class=\"elementor-element elementor-element-be5a151 elementor-widget elementor-widget-image\" data-id=\"be5a151\" data-element_type=\"widget\" data-widget_type=\"image.default\">\n\t\t\t\t<div class=\"elementor-widget-container\">\n\t\t\t<style>\/*! elementor - v3.23.0 - 05-08-2024 *\/\n.elementor-widget-image{text-align:center}.elementor-widget-image a{display:inline-block}.elementor-widget-image a img[src$=\".svg\"]{width:48px}.elementor-widget-image img{vertical-align:middle;display:inline-block}<\/style>\t\t\t\t\t\t\t\t\t\t<img fetchpriority=\"high\" decoding=\"async\" width=\"2400\" height=\"321\" src=\"https:\/\/www.wrap-deco.com\/wp-content\/uploads\/2024\/04\/header.jpg\" class=\"attachment-full size-full wp-image-3335\" alt=\"\" srcset=\"https:\/\/www.wrap-deco.com\/wp-content\/uploads\/2024\/04\/header.jpg 2400w, https:\/\/www.wrap-deco.com\/wp-content\/uploads\/2024\/04\/header-300x40.jpg 300w, https:\/\/www.wrap-deco.com\/wp-content\/uploads\/2024\/04\/header-1024x137.jpg 1024w, https:\/\/www.wrap-deco.com\/wp-content\/uploads\/2024\/04\/header-768x103.jpg 768w, https:\/\/www.wrap-deco.com\/wp-content\/uploads\/2024\/04\/header-1536x205.jpg 1536w, https:\/\/www.wrap-deco.com\/wp-content\/uploads\/2024\/04\/header-2048x274.jpg 2048w, https:\/\/www.wrap-deco.com\/wp-content\/uploads\/2024\/04\/header-18x2.jpg 18w, https:\/\/www.wrap-deco.com\/wp-content\/uploads\/2024\/04\/header-600x80.jpg 600w, https:\/\/www.wrap-deco.com\/wp-content\/uploads\/2024\/04\/header-90x12.jpg 90w, https:\/\/www.wrap-deco.com\/wp-content\/uploads\/2024\/04\/header-64x9.jpg 64w, https:\/\/www.wrap-deco.com\/wp-content\/uploads\/2024\/04\/header-190x25.jpg 190w, https:\/\/www.wrap-deco.com\/wp-content\/uploads\/2024\/04\/header-673x90.jpg 673w\" sizes=\"(max-width: 2400px) 100vw, 2400px\" \/>\t\t\t\t\t\t\t\t\t\t\t\t\t<\/div>\n\t\t\t\t<\/div>\n\t\t\t\t\t<\/div>\n\t\t<\/div>\n\t\t\t\t\t<\/div>\n\t\t<\/section>\n\t\t\t\t<section class=\"elementor-section elementor-top-section elementor-element elementor-element-f600bf8 elementor-section-boxed elementor-section-height-default elementor-section-height-default\" data-id=\"f600bf8\" data-element_type=\"section\">\n\t\t\t\t\t\t<div class=\"elementor-container elementor-column-gap-no\">\n\t\t\t\t\t<div class=\"elementor-column elementor-col-100 elementor-top-column elementor-element elementor-element-e769e7d\" data-id=\"e769e7d\" data-element_type=\"column\">\n\t\t\t<div class=\"elementor-widget-wrap elementor-element-populated\">\n\t\t\t\t\t\t<section class=\"elementor-section elementor-inner-section elementor-element elementor-element-faa9e1d elementor-section-content-middle elementor-section-boxed elementor-section-height-default elementor-section-height-default\" data-id=\"faa9e1d\" data-element_type=\"section\">\n\t\t\t\t\t\t<div class=\"elementor-container elementor-column-gap-extended\">\n\t\t\t\t\t<div class=\"elementor-column elementor-col-50 elementor-inner-column elementor-element elementor-element-1fe836e\" data-id=\"1fe836e\" data-element_type=\"column\">\n\t\t\t<div class=\"elementor-widget-wrap elementor-element-populated\">\n\t\t\t\t\t\t<div class=\"elementor-element elementor-element-bf5a32e elementor-invisible elementor-widget elementor-widget-heading\" data-id=\"bf5a32e\" data-element_type=\"widget\" data-settings=\"{&quot;_animation&quot;:&quot;fadeInLeft&quot;}\" data-widget_type=\"heading.default\">\n\t\t\t\t<div class=\"elementor-widget-container\">\n\t\t\t<style>\/*! elementor - v3.23.0 - 05-08-2024 *\/\n.elementor-heading-title{padding:0;margin:0;line-height:1}.elementor-widget-heading .elementor-heading-title[class*=elementor-size-]>a{color:inherit;font-size:inherit;line-height:inherit}.elementor-widget-heading .elementor-heading-title.elementor-size-small{font-size:15px}.elementor-widget-heading .elementor-heading-title.elementor-size-medium{font-size:19px}.elementor-widget-heading .elementor-heading-title.elementor-size-large{font-size:29px}.elementor-widget-heading .elementor-heading-title.elementor-size-xl{font-size:39px}.elementor-widget-heading .elementor-heading-title.elementor-size-xxl{font-size:59px}<\/style><h2 class=\"elementor-heading-title elementor-size-default\">NOS PRODUITS\n<br><\/br><\/h2>\t\t<\/div>\n\t\t\t\t<\/div>\n\t\t\t\t<div class=\"elementor-element elementor-element-3984e88 elementor-invisible elementor-widget elementor-widget-text-editor\" data-id=\"3984e88\" data-element_type=\"widget\" data-settings=\"{&quot;_animation&quot;:&quot;fadeInUp&quot;}\" data-widget_type=\"text-editor.default\">\n\t\t\t\t<div class=\"elementor-widget-container\">\n\t\t\t<style>\/*! elementor - v3.23.0 - 05-08-2024 *\/\n.elementor-widget-text-editor.elementor-drop-cap-view-stacked .elementor-drop-cap{background-color:#69727d;color:#fff}.elementor-widget-text-editor.elementor-drop-cap-view-framed .elementor-drop-cap{color:#69727d;border:3px solid;background-color:transparent}.elementor-widget-text-editor:not(.elementor-drop-cap-view-default) .elementor-drop-cap{margin-top:8px}.elementor-widget-text-editor:not(.elementor-drop-cap-view-default) .elementor-drop-cap-letter{width:1em;height:1em}.elementor-widget-text-editor .elementor-drop-cap{float:left;text-align:center;line-height:1;font-size:50px}.elementor-widget-text-editor .elementor-drop-cap-letter{display:inline-block}<\/style>\t\t\t\t<h4>Nous proposons diff\u00e9rents types d&rsquo;enseignes pour promouvoir votre entreprise, dans diff\u00e9rentes tailles et formes attrayantes pour donner un impact qui vous diff\u00e9rencie de vos concurrents.<\/h4>\t\t\t\t\t\t<\/div>\n\t\t\t\t<\/div>\n\t\t\t\t\t<\/div>\n\t\t<\/div>\n\t\t\t\t<div class=\"elementor-column elementor-col-50 elementor-inner-column elementor-element elementor-element-915cf91\" data-id=\"915cf91\" data-element_type=\"column\">\n\t\t\t<div class=\"elementor-widget-wrap elementor-element-populated\">\n\t\t\t\t\t\t<div class=\"elementor-element elementor-element-393e4f6 elementor-invisible elementor-widget elementor-widget-image\" data-id=\"393e4f6\" data-element_type=\"widget\" data-settings=\"{&quot;_animation&quot;:&quot;fadeInDown&quot;}\" data-widget_type=\"image.default\">\n\t\t\t\t<div class=\"elementor-widget-container\">\n\t\t\t\t\t\t\t\t\t\t\t\t\t<img decoding=\"async\" width=\"960\" height=\"709\" src=\"https:\/\/www.wrap-deco.com\/wp-content\/uploads\/2024\/04\/enseigne-lettres-decoupees-paris-velo-1024x756.jpeg\" class=\"attachment-large size-large wp-image-3407\" alt=\"\" srcset=\"https:\/\/www.wrap-deco.com\/wp-content\/uploads\/2024\/04\/enseigne-lettres-decoupees-paris-velo-1024x756.jpeg 1024w, https:\/\/www.wrap-deco.com\/wp-content\/uploads\/2024\/04\/enseigne-lettres-decoupees-paris-velo-300x221.jpeg 300w, https:\/\/www.wrap-deco.com\/wp-content\/uploads\/2024\/04\/enseigne-lettres-decoupees-paris-velo-768x567.jpeg 768w, https:\/\/www.wrap-deco.com\/wp-content\/uploads\/2024\/04\/enseigne-lettres-decoupees-paris-velo-1536x1134.jpeg 1536w, https:\/\/www.wrap-deco.com\/wp-content\/uploads\/2024\/04\/enseigne-lettres-decoupees-paris-velo-2048x1512.jpeg 2048w, https:\/\/www.wrap-deco.com\/wp-content\/uploads\/2024\/04\/enseigne-lettres-decoupees-paris-velo-16x12.jpeg 16w, https:\/\/www.wrap-deco.com\/wp-content\/uploads\/2024\/04\/enseigne-lettres-decoupees-paris-velo-600x443.jpeg 600w, https:\/\/www.wrap-deco.com\/wp-content\/uploads\/2024\/04\/enseigne-lettres-decoupees-paris-velo-73x54.jpeg 73w, https:\/\/www.wrap-deco.com\/wp-content\/uploads\/2024\/04\/enseigne-lettres-decoupees-paris-velo-64x47.jpeg 64w, https:\/\/www.wrap-deco.com\/wp-content\/uploads\/2024\/04\/enseigne-lettres-decoupees-paris-velo-122x90.jpeg 122w\" sizes=\"(max-width: 960px) 100vw, 960px\" \/>\t\t\t\t\t\t\t\t\t\t\t\t\t<\/div>\n\t\t\t\t<\/div>\n\t\t\t\t\t<\/div>\n\t\t<\/div>\n\t\t\t\t\t<\/div>\n\t\t<\/section>\n\t\t\t\t<section class=\"elementor-section elementor-inner-section elementor-element elementor-element-4408a63 elementor-section-content-middle elementor-section-boxed elementor-section-height-default elementor-section-height-default\" data-id=\"4408a63\" data-element_type=\"section\" id=\"murale\">\n\t\t\t\t\t\t<div class=\"elementor-container elementor-column-gap-extended\">\n\t\t\t\t\t<div class=\"elementor-column elementor-col-50 elementor-inner-column elementor-element elementor-element-e9fc073\" data-id=\"e9fc073\" data-element_type=\"column\">\n\t\t\t<div class=\"elementor-widget-wrap elementor-element-populated\">\n\t\t\t\t\t\t<div class=\"elementor-element elementor-element-823a846 elementor-invisible elementor-widget elementor-widget-heading\" data-id=\"823a846\" data-element_type=\"widget\" data-settings=\"{&quot;_animation&quot;:&quot;fadeInRight&quot;}\" data-widget_type=\"heading.default\">\n\t\t\t\t<div class=\"elementor-widget-container\">\n\t\t\t<h2 class=\"elementor-heading-title elementor-size-default\">MURALE INT\u00c9RIEURE\n<br><\/br><\/h2>\t\t<\/div>\n\t\t\t\t<\/div>\n\t\t\t\t<div class=\"elementor-element elementor-element-b730ebc elementor-invisible elementor-widget elementor-widget-text-editor\" data-id=\"b730ebc\" data-element_type=\"widget\" data-settings=\"{&quot;_animation&quot;:&quot;fadeInDown&quot;}\" data-widget_type=\"text-editor.default\">\n\t\t\t\t<div class=\"elementor-widget-container\">\n\t\t\t\t\t\t\t<h5>Les autocollants imprim\u00e9s sont une bonne option pour d\u00e9corer vos espaces commerciaux et domestiques, des logos d\u00e9coup\u00e9s ou imprim\u00e9s \u00e0 grande \u00e9chelle, avec des techniques sp\u00e9cialis\u00e9es pour donner vie \u00e0 vos projets.<\/h5>\t\t\t\t\t\t<\/div>\n\t\t\t\t<\/div>\n\t\t\t\t\t<\/div>\n\t\t<\/div>\n\t\t\t\t<div class=\"elementor-column elementor-col-50 elementor-inner-column elementor-element elementor-element-7f25507\" data-id=\"7f25507\" data-element_type=\"column\">\n\t\t\t<div class=\"elementor-widget-wrap elementor-element-populated\">\n\t\t\t\t\t\t<div class=\"elementor-element elementor-element-e752af2 elementor-invisible elementor-widget elementor-widget-image\" data-id=\"e752af2\" data-element_type=\"widget\" data-settings=\"{&quot;_animation&quot;:&quot;fadeInUp&quot;}\" data-widget_type=\"image.default\">\n\t\t\t\t<div class=\"elementor-widget-container\">\n\t\t\t\t\t\t\t\t\t\t\t\t\t<img decoding=\"async\" width=\"960\" height=\"640\" src=\"https:\/\/www.wrap-deco.com\/wp-content\/uploads\/2024\/04\/mursorsysjpg_659580376e3122.22244503-1024x683.jpg\" class=\"attachment-large size-large wp-image-3409\" alt=\"\" srcset=\"https:\/\/www.wrap-deco.com\/wp-content\/uploads\/2024\/04\/mursorsysjpg_659580376e3122.22244503-1024x683.jpg 1024w, https:\/\/www.wrap-deco.com\/wp-content\/uploads\/2024\/04\/mursorsysjpg_659580376e3122.22244503-300x200.jpg 300w, https:\/\/www.wrap-deco.com\/wp-content\/uploads\/2024\/04\/mursorsysjpg_659580376e3122.22244503-768x512.jpg 768w, https:\/\/www.wrap-deco.com\/wp-content\/uploads\/2024\/04\/mursorsysjpg_659580376e3122.22244503-1536x1024.jpg 1536w, https:\/\/www.wrap-deco.com\/wp-content\/uploads\/2024\/04\/mursorsysjpg_659580376e3122.22244503-18x12.jpg 18w, https:\/\/www.wrap-deco.com\/wp-content\/uploads\/2024\/04\/mursorsysjpg_659580376e3122.22244503-600x400.jpg 600w, https:\/\/www.wrap-deco.com\/wp-content\/uploads\/2024\/04\/mursorsysjpg_659580376e3122.22244503-81x54.jpg 81w, https:\/\/www.wrap-deco.com\/wp-content\/uploads\/2024\/04\/mursorsysjpg_659580376e3122.22244503-64x43.jpg 64w, https:\/\/www.wrap-deco.com\/wp-content\/uploads\/2024\/04\/mursorsysjpg_659580376e3122.22244503-135x90.jpg 135w, https:\/\/www.wrap-deco.com\/wp-content\/uploads\/2024\/04\/mursorsysjpg_659580376e3122.22244503.jpg 1600w\" sizes=\"(max-width: 960px) 100vw, 960px\" \/>\t\t\t\t\t\t\t\t\t\t\t\t\t<\/div>\n\t\t\t\t<\/div>\n\t\t\t\t\t<\/div>\n\t\t<\/div>\n\t\t\t\t\t<\/div>\n\t\t<\/section>\n\t\t\t\t\t<\/div>\n\t\t<\/div>\n\t\t\t\t\t<\/div>\n\t\t<\/section>\n\t\t\t\t<\/div>","protected":false},"excerpt":{"rendered":"<p>NOS PRODUITS Nous proposons diff\u00e9rents types d&rsquo;enseignes pour promouvoir votre entreprise, dans diff\u00e9rentes tailles et formes attrayantes pour donner un impact qui vous diff\u00e9rencie de vos concurrents. MURALE INT\u00c9RIEURE Les autocollants imprim\u00e9s sont une bonne option pour d\u00e9corer vos espaces commerciaux et domestiques, des logos d\u00e9coup\u00e9s ou imprim\u00e9s \u00e0 grande \u00e9chelle, avec des techniques sp\u00e9cialis\u00e9es<\/p>\n<div class=\"klb-readmore entry-button\"><a class=\"button\" href=\"https:\/\/www.wrap-deco.com\/en\/murale-interieure\/\">Read More<\/a><\/div>","protected":false},"author":1,"featured_media":0,"parent":0,"menu_order":0,"comment_status":"closed","ping_status":"closed","template":"","meta":{"footnotes":""},"class_list":["post-3302","page","type-page","status-publish","hentry"],"_links":{"self":[{"href":"https:\/\/www.wrap-deco.com\/en\/wp-json\/wp\/v2\/pages\/3302","targetHints":{"allow":["GET"]}}],"collection":[{"href":"https:\/\/www.wrap-deco.com\/en\/wp-json\/wp\/v2\/pages"}],"about":[{"href":"https:\/\/www.wrap-deco.com\/en\/wp-json\/wp\/v2\/types\/page"}],"author":[{"embeddable":true,"href":"https:\/\/www.wrap-deco.com\/en\/wp-json\/wp\/v2\/users\/1"}],"replies":[{"embeddable":true,"href":"https:\/\/www.wrap-deco.com\/en\/wp-json\/wp\/v2\/comments?post=3302"}],"version-history":[{"count":24,"href":"https:\/\/www.wrap-deco.com\/en\/wp-json\/wp\/v2\/pages\/3302\/revisions"}],"predecessor-version":[{"id":3755,"href":"https:\/\/www.wrap-deco.com\/en\/wp-json\/wp\/v2\/pages\/3302\/revisions\/3755"}],"wp:attachment":[{"href":"https:\/\/www.wrap-deco.com\/en\/wp-json\/wp\/v2\/media?parent=3302"}],"curies":[{"name":"wp","href":"https:\/\/api.w.org\/{rel}","templated":true}]}}