{"id":3290,"date":"2024-04-18T13:37:07","date_gmt":"2024-04-18T13:37:07","guid":{"rendered":"https:\/\/www.wrap-deco.com\/?page_id=3290"},"modified":"2024-04-21T23:50:45","modified_gmt":"2024-04-21T23:50:45","slug":"nos-services","status":"publish","type":"page","link":"https:\/\/www.wrap-deco.com\/en\/nos-services\/","title":{"rendered":"Nos services"},"content":{"rendered":"<div data-elementor-type=\"wp-page\" data-elementor-id=\"3290\" class=\"elementor elementor-3290\">\n\t\t\t\t\t\t<section class=\"elementor-section elementor-top-section elementor-element elementor-element-4d9f236 elementor-section-full_width elementor-section-height-default elementor-section-height-default\" data-id=\"4d9f236\" data-element_type=\"section\">\n\t\t\t\t\t\t<div class=\"elementor-container elementor-column-gap-no\">\n\t\t\t\t\t<div class=\"elementor-column elementor-col-100 elementor-top-column elementor-element elementor-element-ae4c5db\" data-id=\"ae4c5db\" data-element_type=\"column\">\n\t\t\t<div class=\"elementor-widget-wrap elementor-element-populated\">\n\t\t\t\t\t\t<div class=\"elementor-element elementor-element-be5a151 elementor-widget elementor-widget-image\" data-id=\"be5a151\" data-element_type=\"widget\" data-widget_type=\"image.default\">\n\t\t\t\t<div class=\"elementor-widget-container\">\n\t\t\t<style>\/*! elementor - v3.23.0 - 05-08-2024 *\/\n.elementor-widget-image{text-align:center}.elementor-widget-image a{display:inline-block}.elementor-widget-image a img[src$=\".svg\"]{width:48px}.elementor-widget-image img{vertical-align:middle;display:inline-block}<\/style>\t\t\t\t\t\t\t\t\t\t<img fetchpriority=\"high\" decoding=\"async\" width=\"2400\" height=\"321\" src=\"https:\/\/www.wrap-deco.com\/wp-content\/uploads\/2024\/04\/header.jpg\" class=\"attachment-full size-full wp-image-3335\" alt=\"\" srcset=\"https:\/\/www.wrap-deco.com\/wp-content\/uploads\/2024\/04\/header.jpg 2400w, https:\/\/www.wrap-deco.com\/wp-content\/uploads\/2024\/04\/header-300x40.jpg 300w, https:\/\/www.wrap-deco.com\/wp-content\/uploads\/2024\/04\/header-1024x137.jpg 1024w, https:\/\/www.wrap-deco.com\/wp-content\/uploads\/2024\/04\/header-768x103.jpg 768w, https:\/\/www.wrap-deco.com\/wp-content\/uploads\/2024\/04\/header-1536x205.jpg 1536w, https:\/\/www.wrap-deco.com\/wp-content\/uploads\/2024\/04\/header-2048x274.jpg 2048w, https:\/\/www.wrap-deco.com\/wp-content\/uploads\/2024\/04\/header-18x2.jpg 18w, https:\/\/www.wrap-deco.com\/wp-content\/uploads\/2024\/04\/header-600x80.jpg 600w, https:\/\/www.wrap-deco.com\/wp-content\/uploads\/2024\/04\/header-90x12.jpg 90w, https:\/\/www.wrap-deco.com\/wp-content\/uploads\/2024\/04\/header-64x9.jpg 64w, https:\/\/www.wrap-deco.com\/wp-content\/uploads\/2024\/04\/header-190x25.jpg 190w, https:\/\/www.wrap-deco.com\/wp-content\/uploads\/2024\/04\/header-673x90.jpg 673w\" sizes=\"(max-width: 2400px) 100vw, 2400px\" \/>\t\t\t\t\t\t\t\t\t\t\t\t\t<\/div>\n\t\t\t\t<\/div>\n\t\t\t\t\t<\/div>\n\t\t<\/div>\n\t\t\t\t\t<\/div>\n\t\t<\/section>\n\t\t\t\t<section class=\"elementor-section elementor-top-section elementor-element elementor-element-f600bf8 elementor-section-boxed elementor-section-height-default elementor-section-height-default\" data-id=\"f600bf8\" data-element_type=\"section\">\n\t\t\t\t\t\t<div class=\"elementor-container elementor-column-gap-no\">\n\t\t\t\t\t<div class=\"elementor-column elementor-col-100 elementor-top-column elementor-element elementor-element-e769e7d\" data-id=\"e769e7d\" data-element_type=\"column\">\n\t\t\t<div class=\"elementor-widget-wrap elementor-element-populated\">\n\t\t\t\t\t\t<section class=\"elementor-section elementor-inner-section elementor-element elementor-element-faa9e1d elementor-section-content-middle elementor-section-boxed elementor-section-height-default elementor-section-height-default\" data-id=\"faa9e1d\" data-element_type=\"section\">\n\t\t\t\t\t\t<div class=\"elementor-container elementor-column-gap-extended\">\n\t\t\t\t\t<div class=\"elementor-column elementor-col-50 elementor-inner-column elementor-element elementor-element-1fe836e\" data-id=\"1fe836e\" data-element_type=\"column\">\n\t\t\t<div class=\"elementor-widget-wrap elementor-element-populated\">\n\t\t\t\t\t\t<div class=\"elementor-element elementor-element-bf5a32e elementor-invisible elementor-widget elementor-widget-heading\" data-id=\"bf5a32e\" data-element_type=\"widget\" data-settings=\"{&quot;_animation&quot;:&quot;fadeInLeft&quot;}\" data-widget_type=\"heading.default\">\n\t\t\t\t<div class=\"elementor-widget-container\">\n\t\t\t<style>\/*! elementor - v3.23.0 - 05-08-2024 *\/\n.elementor-heading-title{padding:0;margin:0;line-height:1}.elementor-widget-heading .elementor-heading-title[class*=elementor-size-]>a{color:inherit;font-size:inherit;line-height:inherit}.elementor-widget-heading .elementor-heading-title.elementor-size-small{font-size:15px}.elementor-widget-heading .elementor-heading-title.elementor-size-medium{font-size:19px}.elementor-widget-heading .elementor-heading-title.elementor-size-large{font-size:29px}.elementor-widget-heading .elementor-heading-title.elementor-size-xl{font-size:39px}.elementor-widget-heading .elementor-heading-title.elementor-size-xxl{font-size:59px}<\/style><h2 class=\"elementor-heading-title elementor-size-default\">NOS SERVICES\n<br><\/br><\/h2>\t\t<\/div>\n\t\t\t\t<\/div>\n\t\t\t\t<div class=\"elementor-element elementor-element-3984e88 elementor-invisible elementor-widget elementor-widget-text-editor\" data-id=\"3984e88\" data-element_type=\"widget\" data-settings=\"{&quot;_animation&quot;:&quot;fadeInDown&quot;}\" data-widget_type=\"text-editor.default\">\n\t\t\t\t<div class=\"elementor-widget-container\">\n\t\t\t<style>\/*! elementor - v3.23.0 - 05-08-2024 *\/\n.elementor-widget-text-editor.elementor-drop-cap-view-stacked .elementor-drop-cap{background-color:#69727d;color:#fff}.elementor-widget-text-editor.elementor-drop-cap-view-framed .elementor-drop-cap{color:#69727d;border:3px solid;background-color:transparent}.elementor-widget-text-editor:not(.elementor-drop-cap-view-default) .elementor-drop-cap{margin-top:8px}.elementor-widget-text-editor:not(.elementor-drop-cap-view-default) .elementor-drop-cap-letter{width:1em;height:1em}.elementor-widget-text-editor .elementor-drop-cap{float:left;text-align:center;line-height:1;font-size:50px}.elementor-widget-text-editor .elementor-drop-cap-letter{display:inline-block}<\/style>\t\t\t\t<div class=\"page\" title=\"Page 3\"><div class=\"layoutArea\"><div class=\"column\"><h4>Nous vous proposons les meilleurs services, du design graphique a\u0300 la fabrication, en passant par l\u2019installation et l\u2019entretien des enseignes. Notre e\u0301quipe allie cre\u0301ativite\u0301 et expertise technique pour vous offrir des solutions de qualite\u0301 qui se de\u0301marquent. Avec des services de conception personnalise\u0301e, de fabrication utilisant les dernie\u0300res technologies, une installation professionnelle et un entretien fiable, nous sommes la\u0300 pour propulser l\u2019image de votre marque au niveau supe\u0301rieur.<\/h4><\/div><\/div><\/div>\t\t\t\t\t\t<\/div>\n\t\t\t\t<\/div>\n\t\t\t\t\t<\/div>\n\t\t<\/div>\n\t\t\t\t<div class=\"elementor-column elementor-col-50 elementor-inner-column elementor-element elementor-element-915cf91\" data-id=\"915cf91\" data-element_type=\"column\">\n\t\t\t<div class=\"elementor-widget-wrap elementor-element-populated\">\n\t\t\t\t\t\t<div class=\"elementor-element elementor-element-393e4f6 elementor-invisible elementor-widget elementor-widget-image\" data-id=\"393e4f6\" data-element_type=\"widget\" data-settings=\"{&quot;_animation&quot;:&quot;fadeInRight&quot;}\" data-widget_type=\"image.default\">\n\t\t\t\t<div class=\"elementor-widget-container\">\n\t\t\t\t\t\t\t\t\t\t\t\t\t<img decoding=\"async\" width=\"960\" height=\"540\" src=\"https:\/\/www.wrap-deco.com\/wp-content\/uploads\/2024\/04\/unnamed-1.jpg\" class=\"attachment-large size-large wp-image-3395\" alt=\"\" srcset=\"https:\/\/www.wrap-deco.com\/wp-content\/uploads\/2024\/04\/unnamed-1.jpg 1000w, https:\/\/www.wrap-deco.com\/wp-content\/uploads\/2024\/04\/unnamed-1-300x169.jpg 300w, https:\/\/www.wrap-deco.com\/wp-content\/uploads\/2024\/04\/unnamed-1-768x432.jpg 768w, https:\/\/www.wrap-deco.com\/wp-content\/uploads\/2024\/04\/unnamed-1-18x10.jpg 18w, https:\/\/www.wrap-deco.com\/wp-content\/uploads\/2024\/04\/unnamed-1-600x338.jpg 600w, https:\/\/www.wrap-deco.com\/wp-content\/uploads\/2024\/04\/unnamed-1-90x51.jpg 90w, https:\/\/www.wrap-deco.com\/wp-content\/uploads\/2024\/04\/unnamed-1-64x36.jpg 64w, https:\/\/www.wrap-deco.com\/wp-content\/uploads\/2024\/04\/unnamed-1-160x90.jpg 160w\" sizes=\"(max-width: 960px) 100vw, 960px\" \/>\t\t\t\t\t\t\t\t\t\t\t\t\t<\/div>\n\t\t\t\t<\/div>\n\t\t\t\t\t<\/div>\n\t\t<\/div>\n\t\t\t\t\t<\/div>\n\t\t<\/section>\n\t\t\t\t<section class=\"elementor-section elementor-inner-section elementor-element elementor-element-0c81e22 elementor-section-content-middle elementor-section-boxed elementor-section-height-default elementor-section-height-default\" data-id=\"0c81e22\" data-element_type=\"section\" id=\"installation\">\n\t\t\t\t\t\t<div class=\"elementor-container elementor-column-gap-extended\">\n\t\t\t\t\t<div class=\"elementor-column elementor-col-50 elementor-inner-column elementor-element elementor-element-c68a68e\" data-id=\"c68a68e\" data-element_type=\"column\">\n\t\t\t<div class=\"elementor-widget-wrap elementor-element-populated\">\n\t\t\t\t\t\t<div class=\"elementor-element elementor-element-5344e9b elementor-invisible elementor-widget elementor-widget-heading\" data-id=\"5344e9b\" data-element_type=\"widget\" data-settings=\"{&quot;_animation&quot;:&quot;fadeInRight&quot;}\" data-widget_type=\"heading.default\">\n\t\t\t\t<div class=\"elementor-widget-container\">\n\t\t\t<h2 class=\"elementor-heading-title elementor-size-default\">SERVICE D'INSTALLATION\n<br><\/br><\/h2>\t\t<\/div>\n\t\t\t\t<\/div>\n\t\t\t\t<div class=\"elementor-element elementor-element-f59c276 elementor-invisible elementor-widget elementor-widget-text-editor\" data-id=\"f59c276\" data-element_type=\"widget\" data-settings=\"{&quot;_animation&quot;:&quot;fadeInUp&quot;}\" data-widget_type=\"text-editor.default\">\n\t\t\t\t<div class=\"elementor-widget-container\">\n\t\t\t\t\t\t\t<h5><strong>Wrap &amp; De\u0301co<\/strong> offre un service d&rsquo;installation de tous types d&rsquo;enseignes, installation de vinyle pour fene\u0302tres, installation d&rsquo;images pour ve\u0301hicules ou lettres individuelles. <br \/><br \/><\/h5><h5>Nous disposons de personnel spe\u0301cialise\u0301 pour faire votre travail correctement. Nous planifions la ve\u0301rification des espaces pour chaque enseigne, afin de conseiller au client quel type d&rsquo;enseigne est le plus recommande\u0301 pour son entreprise et de ve\u0301rifier tous les de\u0301tails ne\u0301cessaires au meilleur fonctionnement.<\/h5>\t\t\t\t\t\t<\/div>\n\t\t\t\t<\/div>\n\t\t\t\t\t<\/div>\n\t\t<\/div>\n\t\t\t\t<div class=\"elementor-column elementor-col-50 elementor-inner-column elementor-element elementor-element-af1772c\" data-id=\"af1772c\" data-element_type=\"column\">\n\t\t\t<div class=\"elementor-widget-wrap elementor-element-populated\">\n\t\t\t\t\t\t<div class=\"elementor-element elementor-element-7033a45 elementor-invisible elementor-widget elementor-widget-image\" data-id=\"7033a45\" data-element_type=\"widget\" data-settings=\"{&quot;_animation&quot;:&quot;fadeInDown&quot;}\" data-widget_type=\"image.default\">\n\t\t\t\t<div class=\"elementor-widget-container\">\n\t\t\t\t\t\t\t\t\t\t\t\t\t<img decoding=\"async\" width=\"960\" height=\"960\" src=\"https:\/\/www.wrap-deco.com\/wp-content\/uploads\/2024\/04\/sticker-vitre-1024x1024.png\" class=\"attachment-large size-large wp-image-3390\" alt=\"\" srcset=\"https:\/\/www.wrap-deco.com\/wp-content\/uploads\/2024\/04\/sticker-vitre-1024x1024.png 1024w, https:\/\/www.wrap-deco.com\/wp-content\/uploads\/2024\/04\/sticker-vitre-300x300.png 300w, https:\/\/www.wrap-deco.com\/wp-content\/uploads\/2024\/04\/sticker-vitre-150x150.png 150w, https:\/\/www.wrap-deco.com\/wp-content\/uploads\/2024\/04\/sticker-vitre-768x768.png 768w, https:\/\/www.wrap-deco.com\/wp-content\/uploads\/2024\/04\/sticker-vitre-12x12.png 12w, https:\/\/www.wrap-deco.com\/wp-content\/uploads\/2024\/04\/sticker-vitre-450x450.png 450w, https:\/\/www.wrap-deco.com\/wp-content\/uploads\/2024\/04\/sticker-vitre-90x90.png 90w, https:\/\/www.wrap-deco.com\/wp-content\/uploads\/2024\/04\/sticker-vitre-600x600.png 600w, https:\/\/www.wrap-deco.com\/wp-content\/uploads\/2024\/04\/sticker-vitre-54x54.png 54w, https:\/\/www.wrap-deco.com\/wp-content\/uploads\/2024\/04\/sticker-vitre-50x50.png 50w, https:\/\/www.wrap-deco.com\/wp-content\/uploads\/2024\/04\/sticker-vitre-100x100.png 100w, https:\/\/www.wrap-deco.com\/wp-content\/uploads\/2024\/04\/sticker-vitre-96x96.png 96w, https:\/\/www.wrap-deco.com\/wp-content\/uploads\/2024\/04\/sticker-vitre-64x64.png 64w, https:\/\/www.wrap-deco.com\/wp-content\/uploads\/2024\/04\/sticker-vitre.png 1200w\" sizes=\"(max-width: 960px) 100vw, 960px\" \/>\t\t\t\t\t\t\t\t\t\t\t\t\t<\/div>\n\t\t\t\t<\/div>\n\t\t\t\t\t<\/div>\n\t\t<\/div>\n\t\t\t\t\t<\/div>\n\t\t<\/section>\n\t\t\t\t<section class=\"elementor-section elementor-inner-section elementor-element elementor-element-f41c5ea elementor-section-content-middle elementor-section-boxed elementor-section-height-default elementor-section-height-default\" data-id=\"f41c5ea\" data-element_type=\"section\" id=\"entretien\">\n\t\t\t\t\t\t<div class=\"elementor-container elementor-column-gap-extended\">\n\t\t\t\t\t<div class=\"elementor-column elementor-col-50 elementor-inner-column elementor-element elementor-element-7fda5d9\" data-id=\"7fda5d9\" data-element_type=\"column\">\n\t\t\t<div class=\"elementor-widget-wrap elementor-element-populated\">\n\t\t\t\t\t\t<div class=\"elementor-element elementor-element-39eeb5f elementor-invisible elementor-widget elementor-widget-heading\" data-id=\"39eeb5f\" data-element_type=\"widget\" data-settings=\"{&quot;_animation&quot;:&quot;fadeInLeft&quot;}\" data-widget_type=\"heading.default\">\n\t\t\t\t<div class=\"elementor-widget-container\">\n\t\t\t<h2 class=\"elementor-heading-title elementor-size-default\">ENTRETIEN ET R\u00c9PARATION D'ENSEIGNES\n<br><\/br><\/h2>\t\t<\/div>\n\t\t\t\t<\/div>\n\t\t\t\t<div class=\"elementor-element elementor-element-817d963 elementor-invisible elementor-widget elementor-widget-text-editor\" data-id=\"817d963\" data-element_type=\"widget\" data-settings=\"{&quot;_animation&quot;:&quot;fadeInRight&quot;}\" data-widget_type=\"text-editor.default\">\n\t\t\t\t<div class=\"elementor-widget-container\">\n\t\t\t\t\t\t\t<h5>Les enseignes commerciales sont un \u00e9l\u00e9ment crucial pour attirer l&rsquo;attention des clients potentiels et les inciter \u00e0 visiter un \u00e9tablissement. <br \/><br \/>Elles sont le reflet de l&rsquo;image de marque d&rsquo;une entreprise et doivent donc \u00eatre entretenues de mani\u00e8re ad\u00e9quate pour garantir leur efficacit\u00e9. Un entretien r\u00e9gulier des enseignes commerciales permet de s&rsquo;assurer qu&rsquo;elles restent attractives, lisibles<br \/>et en bon \u00e9tat de fonctionnement.<\/h5>\t\t\t\t\t\t<\/div>\n\t\t\t\t<\/div>\n\t\t\t\t\t<\/div>\n\t\t<\/div>\n\t\t\t\t<div class=\"elementor-column elementor-col-50 elementor-inner-column elementor-element elementor-element-4c9ba08\" data-id=\"4c9ba08\" data-element_type=\"column\">\n\t\t\t<div class=\"elementor-widget-wrap elementor-element-populated\">\n\t\t\t\t\t\t<div class=\"elementor-element elementor-element-a5e9198 elementor-invisible elementor-widget elementor-widget-image\" data-id=\"a5e9198\" data-element_type=\"widget\" data-settings=\"{&quot;_animation&quot;:&quot;fadeInDown&quot;}\" data-widget_type=\"image.default\">\n\t\t\t\t<div class=\"elementor-widget-container\">\n\t\t\t\t\t\t\t\t\t\t\t\t\t<img loading=\"lazy\" decoding=\"async\" width=\"960\" height=\"597\" src=\"https:\/\/www.wrap-deco.com\/wp-content\/uploads\/2024\/04\/La-Compagnie-des-Ateliers-e1569489041349-1024x637.jpg\" class=\"attachment-large size-large wp-image-3389\" alt=\"\" srcset=\"https:\/\/www.wrap-deco.com\/wp-content\/uploads\/2024\/04\/La-Compagnie-des-Ateliers-e1569489041349-1024x637.jpg 1024w, https:\/\/www.wrap-deco.com\/wp-content\/uploads\/2024\/04\/La-Compagnie-des-Ateliers-e1569489041349-300x187.jpg 300w, https:\/\/www.wrap-deco.com\/wp-content\/uploads\/2024\/04\/La-Compagnie-des-Ateliers-e1569489041349-768x478.jpg 768w, https:\/\/www.wrap-deco.com\/wp-content\/uploads\/2024\/04\/La-Compagnie-des-Ateliers-e1569489041349-1536x956.jpg 1536w, https:\/\/www.wrap-deco.com\/wp-content\/uploads\/2024\/04\/La-Compagnie-des-Ateliers-e1569489041349-18x12.jpg 18w, https:\/\/www.wrap-deco.com\/wp-content\/uploads\/2024\/04\/La-Compagnie-des-Ateliers-e1569489041349-600x373.jpg 600w, https:\/\/www.wrap-deco.com\/wp-content\/uploads\/2024\/04\/La-Compagnie-des-Ateliers-e1569489041349-87x54.jpg 87w, https:\/\/www.wrap-deco.com\/wp-content\/uploads\/2024\/04\/La-Compagnie-des-Ateliers-e1569489041349-64x40.jpg 64w, https:\/\/www.wrap-deco.com\/wp-content\/uploads\/2024\/04\/La-Compagnie-des-Ateliers-e1569489041349-145x90.jpg 145w, https:\/\/www.wrap-deco.com\/wp-content\/uploads\/2024\/04\/La-Compagnie-des-Ateliers-e1569489041349.jpg 1658w\" sizes=\"(max-width: 960px) 100vw, 960px\" \/>\t\t\t\t\t\t\t\t\t\t\t\t\t<\/div>\n\t\t\t\t<\/div>\n\t\t\t\t\t<\/div>\n\t\t<\/div>\n\t\t\t\t\t<\/div>\n\t\t<\/section>\n\t\t\t\t<section class=\"elementor-section elementor-inner-section elementor-element elementor-element-4408a63 elementor-section-content-middle elementor-section-boxed elementor-section-height-default elementor-section-height-default\" data-id=\"4408a63\" data-element_type=\"section\" id=\"conception\">\n\t\t\t\t\t\t<div class=\"elementor-container elementor-column-gap-extended\">\n\t\t\t\t\t<div class=\"elementor-column elementor-col-50 elementor-inner-column elementor-element elementor-element-e9fc073\" data-id=\"e9fc073\" data-element_type=\"column\">\n\t\t\t<div class=\"elementor-widget-wrap elementor-element-populated\">\n\t\t\t\t\t\t<div class=\"elementor-element elementor-element-823a846 elementor-invisible elementor-widget elementor-widget-heading\" data-id=\"823a846\" data-element_type=\"widget\" data-settings=\"{&quot;_animation&quot;:&quot;fadeInLeft&quot;}\" data-widget_type=\"heading.default\">\n\t\t\t\t<div class=\"elementor-widget-container\">\n\t\t\t<h2 class=\"elementor-heading-title elementor-size-default\">CONCEPTION GRAPHIQUE\n<br><\/br><\/h2>\t\t<\/div>\n\t\t\t\t<\/div>\n\t\t\t\t<div class=\"elementor-element elementor-element-b730ebc elementor-invisible elementor-widget elementor-widget-text-editor\" data-id=\"b730ebc\" data-element_type=\"widget\" data-settings=\"{&quot;_animation&quot;:&quot;fadeInRight&quot;}\" data-widget_type=\"text-editor.default\">\n\t\t\t\t<div class=\"elementor-widget-container\">\n\t\t\t\t\t\t\t<h5>Notre \u00e9quipe d&rsquo;infographistes est un outil puissant pour communiquer des informations de mani\u00e8re visuelle et attrayante. La conception d&rsquo;une infographie n\u00e9cessite une r\u00e9flexion approfondie sur la mani\u00e8re de pr\u00e9senter les donn\u00e9es de mani\u00e8re claire et concise.<br \/><br \/><\/h5><h5>Nous offrons des services professionnels et cr\u00e9atifs de conception d\u2019enseignes de toutes formes et dimensions.<\/h5>\t\t\t\t\t\t<\/div>\n\t\t\t\t<\/div>\n\t\t\t\t\t<\/div>\n\t\t<\/div>\n\t\t\t\t<div class=\"elementor-column elementor-col-50 elementor-inner-column elementor-element elementor-element-7f25507\" data-id=\"7f25507\" data-element_type=\"column\">\n\t\t\t<div class=\"elementor-widget-wrap elementor-element-populated\">\n\t\t\t\t\t\t<div class=\"elementor-element elementor-element-e752af2 elementor-invisible elementor-widget elementor-widget-image\" data-id=\"e752af2\" data-element_type=\"widget\" data-settings=\"{&quot;_animation&quot;:&quot;fadeInRight&quot;}\" data-widget_type=\"image.default\">\n\t\t\t\t<div class=\"elementor-widget-container\">\n\t\t\t\t\t\t\t\t\t\t\t\t\t<img loading=\"lazy\" decoding=\"async\" width=\"960\" height=\"547\" src=\"https:\/\/www.wrap-deco.com\/wp-content\/uploads\/2024\/04\/graphisme-1024x583.jpg\" class=\"attachment-large size-large wp-image-3388\" alt=\"\" srcset=\"https:\/\/www.wrap-deco.com\/wp-content\/uploads\/2024\/04\/graphisme-1024x583.jpg 1024w, https:\/\/www.wrap-deco.com\/wp-content\/uploads\/2024\/04\/graphisme-300x171.jpg 300w, https:\/\/www.wrap-deco.com\/wp-content\/uploads\/2024\/04\/graphisme-768x437.jpg 768w, https:\/\/www.wrap-deco.com\/wp-content\/uploads\/2024\/04\/graphisme-18x10.jpg 18w, https:\/\/www.wrap-deco.com\/wp-content\/uploads\/2024\/04\/graphisme-600x342.jpg 600w, https:\/\/www.wrap-deco.com\/wp-content\/uploads\/2024\/04\/graphisme-90x51.jpg 90w, https:\/\/www.wrap-deco.com\/wp-content\/uploads\/2024\/04\/graphisme-64x36.jpg 64w, https:\/\/www.wrap-deco.com\/wp-content\/uploads\/2024\/04\/graphisme-158x90.jpg 158w, https:\/\/www.wrap-deco.com\/wp-content\/uploads\/2024\/04\/graphisme.jpg 1314w\" sizes=\"(max-width: 960px) 100vw, 960px\" \/>\t\t\t\t\t\t\t\t\t\t\t\t\t<\/div>\n\t\t\t\t<\/div>\n\t\t\t\t\t<\/div>\n\t\t<\/div>\n\t\t\t\t\t<\/div>\n\t\t<\/section>\n\t\t\t\t\t<\/div>\n\t\t<\/div>\n\t\t\t\t\t<\/div>\n\t\t<\/section>\n\t\t\t\t<\/div>","protected":false},"excerpt":{"rendered":"<p>NOS SERVICES Nous vous proposons les meilleurs services, du design graphique a\u0300 la fabrication, en passant par l\u2019installation et l\u2019entretien des enseignes. Notre e\u0301quipe allie cre\u0301ativite\u0301 et expertise technique pour vous offrir des solutions de qualite\u0301 qui se de\u0301marquent. Avec des services de conception personnalise\u0301e, de fabrication utilisant les dernie\u0300res technologies, une installation professionnelle et<\/p>\n<div class=\"klb-readmore entry-button\"><a class=\"button\" href=\"https:\/\/www.wrap-deco.com\/en\/nos-services\/\">Read More<\/a><\/div>","protected":false},"author":1,"featured_media":0,"parent":0,"menu_order":0,"comment_status":"closed","ping_status":"closed","template":"","meta":{"footnotes":""},"class_list":["post-3290","page","type-page","status-publish","hentry"],"_links":{"self":[{"href":"https:\/\/www.wrap-deco.com\/en\/wp-json\/wp\/v2\/pages\/3290","targetHints":{"allow":["GET"]}}],"collection":[{"href":"https:\/\/www.wrap-deco.com\/en\/wp-json\/wp\/v2\/pages"}],"about":[{"href":"https:\/\/www.wrap-deco.com\/en\/wp-json\/wp\/v2\/types\/page"}],"author":[{"embeddable":true,"href":"https:\/\/www.wrap-deco.com\/en\/wp-json\/wp\/v2\/users\/1"}],"replies":[{"embeddable":true,"href":"https:\/\/www.wrap-deco.com\/en\/wp-json\/wp\/v2\/comments?post=3290"}],"version-history":[{"count":41,"href":"https:\/\/www.wrap-deco.com\/en\/wp-json\/wp\/v2\/pages\/3290\/revisions"}],"predecessor-version":[{"id":3404,"href":"https:\/\/www.wrap-deco.com\/en\/wp-json\/wp\/v2\/pages\/3290\/revisions\/3404"}],"wp:attachment":[{"href":"https:\/\/www.wrap-deco.com\/en\/wp-json\/wp\/v2\/media?parent=3290"}],"curies":[{"name":"wp","href":"https:\/\/api.w.org\/{rel}","templated":true}]}}