{"id":1544,"date":"2021-05-19T04:28:36","date_gmt":"2021-05-19T04:28:36","guid":{"rendered":"https:\/\/klbtheme.com\/bacola\/?page_id=1544"},"modified":"2026-02-03T16:38:45","modified_gmt":"2026-02-03T16:38:45","slug":"a-propos","status":"publish","type":"page","link":"https:\/\/www.wrap-deco.com\/en\/a-propos\/","title":{"rendered":"About us"},"content":{"rendered":"<div data-elementor-type=\"wp-page\" data-elementor-id=\"1544\" class=\"elementor elementor-1544\">\n\t\t\t\t\t\t<section class=\"elementor-section elementor-top-section elementor-element elementor-element-4d9f236 elementor-section-full_width elementor-section-height-default elementor-section-height-default\" data-id=\"4d9f236\" data-element_type=\"section\">\n\t\t\t\t\t\t<div class=\"elementor-container elementor-column-gap-no\">\n\t\t\t\t\t<div class=\"elementor-column elementor-col-100 elementor-top-column elementor-element elementor-element-ae4c5db\" data-id=\"ae4c5db\" data-element_type=\"column\">\n\t\t\t<div class=\"elementor-widget-wrap elementor-element-populated\">\n\t\t\t\t\t\t<div class=\"elementor-element elementor-element-be5a151 elementor-widget elementor-widget-image\" data-id=\"be5a151\" data-element_type=\"widget\" data-widget_type=\"image.default\">\n\t\t\t\t<div class=\"elementor-widget-container\">\n\t\t\t<style>\/*! elementor - v3.23.0 - 05-08-2024 *\/\n.elementor-widget-image{text-align:center}.elementor-widget-image a{display:inline-block}.elementor-widget-image a img[src$=\".svg\"]{width:48px}.elementor-widget-image img{vertical-align:middle;display:inline-block}<\/style>\t\t\t\t\t\t\t\t\t\t<img fetchpriority=\"high\" decoding=\"async\" width=\"2400\" height=\"321\" src=\"https:\/\/www.wrap-deco.com\/wp-content\/uploads\/2024\/04\/header.jpg\" class=\"attachment-full size-full wp-image-3335\" alt=\"\" srcset=\"https:\/\/www.wrap-deco.com\/wp-content\/uploads\/2024\/04\/header.jpg 2400w, https:\/\/www.wrap-deco.com\/wp-content\/uploads\/2024\/04\/header-300x40.jpg 300w, https:\/\/www.wrap-deco.com\/wp-content\/uploads\/2024\/04\/header-1024x137.jpg 1024w, https:\/\/www.wrap-deco.com\/wp-content\/uploads\/2024\/04\/header-768x103.jpg 768w, https:\/\/www.wrap-deco.com\/wp-content\/uploads\/2024\/04\/header-1536x205.jpg 1536w, https:\/\/www.wrap-deco.com\/wp-content\/uploads\/2024\/04\/header-2048x274.jpg 2048w, https:\/\/www.wrap-deco.com\/wp-content\/uploads\/2024\/04\/header-18x2.jpg 18w, https:\/\/www.wrap-deco.com\/wp-content\/uploads\/2024\/04\/header-600x80.jpg 600w, https:\/\/www.wrap-deco.com\/wp-content\/uploads\/2024\/04\/header-90x12.jpg 90w, https:\/\/www.wrap-deco.com\/wp-content\/uploads\/2024\/04\/header-64x9.jpg 64w, https:\/\/www.wrap-deco.com\/wp-content\/uploads\/2024\/04\/header-190x25.jpg 190w, https:\/\/www.wrap-deco.com\/wp-content\/uploads\/2024\/04\/header-673x90.jpg 673w\" sizes=\"(max-width: 2400px) 100vw, 2400px\" \/>\t\t\t\t\t\t\t\t\t\t\t\t\t<\/div>\n\t\t\t\t<\/div>\n\t\t\t\t\t<\/div>\n\t\t<\/div>\n\t\t\t\t\t<\/div>\n\t\t<\/section>\n\t\t\t\t<section class=\"elementor-section elementor-top-section elementor-element elementor-element-f600bf8 elementor-section-boxed elementor-section-height-default elementor-section-height-default\" data-id=\"f600bf8\" data-element_type=\"section\">\n\t\t\t\t\t\t<div class=\"elementor-container elementor-column-gap-no\">\n\t\t\t\t\t<div class=\"elementor-column elementor-col-100 elementor-top-column elementor-element elementor-element-e769e7d\" data-id=\"e769e7d\" data-element_type=\"column\">\n\t\t\t<div class=\"elementor-widget-wrap elementor-element-populated\">\n\t\t\t\t\t\t<section class=\"elementor-section elementor-inner-section elementor-element elementor-element-faa9e1d elementor-section-content-middle elementor-section-boxed elementor-section-height-default elementor-section-height-default\" data-id=\"faa9e1d\" data-element_type=\"section\">\n\t\t\t\t\t\t<div class=\"elementor-container elementor-column-gap-extended\">\n\t\t\t\t\t<section class=\"elementor-column elementor-col-50 elementor-inner-column elementor-element elementor-element-1fe836e\" data-id=\"1fe836e\" data-element_type=\"column\">\n\t\t\t<div class=\"elementor-widget-wrap elementor-element-populated\">\n\t\t\t\t\t\t<div class=\"elementor-element elementor-element-bf5a32e elementor-invisible elementor-widget elementor-widget-heading\" data-id=\"bf5a32e\" data-element_type=\"widget\" data-settings=\"{&quot;_animation&quot;:&quot;fadeInDown&quot;}\" data-widget_type=\"heading.default\">\n\t\t\t\t<div class=\"elementor-widget-container\">\n\t\t\t<style>\/*! elementor - v3.23.0 - 05-08-2024 *\/\n.elementor-heading-title{padding:0;margin:0;line-height:1}.elementor-widget-heading .elementor-heading-title[class*=elementor-size-]>a{color:inherit;font-size:inherit;line-height:inherit}.elementor-widget-heading .elementor-heading-title.elementor-size-small{font-size:15px}.elementor-widget-heading .elementor-heading-title.elementor-size-medium{font-size:19px}.elementor-widget-heading .elementor-heading-title.elementor-size-large{font-size:29px}.elementor-widget-heading .elementor-heading-title.elementor-size-xl{font-size:39px}.elementor-widget-heading .elementor-heading-title.elementor-size-xxl{font-size:59px}<\/style><h2 class=\"elementor-heading-title elementor-size-default\">\u00c0 PROPOS DE NOUS\n<br><\/br><\/h2>\t\t<\/div>\n\t\t\t\t<\/div>\n\t\t\t\t<div class=\"elementor-element elementor-element-eef17d4 elementor-widget__width-initial elementor-widget elementor-widget-heading\" data-id=\"eef17d4\" data-element_type=\"widget\" data-widget_type=\"heading.default\">\n\t\t\t\t<div class=\"elementor-widget-container\">\n\t\t\t<h3 class=\"elementor-heading-title elementor-size-default\"><b>30 ans de passion et d'expertise\nServices Wrap &amp; Deco Inc.<\/b><\/h3>\t\t<\/div>\n\t\t\t\t<\/div>\n\t\t\t\t<div class=\"elementor-element elementor-element-3984e88 elementor-widget__width-initial elementor-invisible elementor-widget elementor-widget-text-editor\" data-id=\"3984e88\" data-element_type=\"widget\" data-settings=\"{&quot;_animation&quot;:&quot;fadeInLeft&quot;}\" data-widget_type=\"text-editor.default\">\n\t\t\t\t<div class=\"elementor-widget-container\">\n\t\t\t<style>\/*! elementor - v3.23.0 - 05-08-2024 *\/\n.elementor-widget-text-editor.elementor-drop-cap-view-stacked .elementor-drop-cap{background-color:#69727d;color:#fff}.elementor-widget-text-editor.elementor-drop-cap-view-framed .elementor-drop-cap{color:#69727d;border:3px solid;background-color:transparent}.elementor-widget-text-editor:not(.elementor-drop-cap-view-default) .elementor-drop-cap{margin-top:8px}.elementor-widget-text-editor:not(.elementor-drop-cap-view-default) .elementor-drop-cap-letter{width:1em;height:1em}.elementor-widget-text-editor .elementor-drop-cap{float:left;text-align:center;line-height:1;font-size:50px}.elementor-widget-text-editor .elementor-drop-cap-letter{display:inline-block}<\/style>\t\t\t\t<p><strong>Est bien plus qu\u2019une entreprise d\u2019affichage; c\u2019est le fruit de 30 ans<\/strong><br \/><strong>d\u2019expertise internationale en communication visuelle.<\/strong><br \/><strong>Fond\u00e9e en 2018 par Edwin Luligo, notre entreprise repose sur un<\/strong><br \/><strong>savoir-faire solide acquis depuis 1996, ann\u00e9e o\u00f9 Edwin a lanc\u00e9 sa<\/strong><br \/><strong>premi\u00e8re agence, Guzman Publicidad, en Colombie.<\/strong><br \/><strong>Aujourd&rsquo;hui \u00e9tabli \u00e0 Laval, Edwin met son talent et sa rigueur au<\/strong><br \/><strong>service des entrepreneurs d&rsquo;ici.<\/strong><br \/><strong>Nous nous sp\u00e9cialisons dans la production de publicit\u00e9 int\u00e9rieure et<\/strong><br \/><strong>ext\u00e9rieure, offrant des solutions cl\u00e9 en main avec des mat\u00e9riaux de<\/strong><br \/><strong>premi\u00e8re qualit\u00e9. Que ce soit pour une enseigne lumineuse, un<\/strong><br \/><strong>lettrage de vitrine ou un wrap de v\u00e9hicule, notre engagement est<\/strong><br \/><strong>simple : transformer votre vision en un impact visuel durable.<\/strong><br \/><strong>Pourquoi nous choisir ? Expertise \u00e9prouv\u00e9e : 30 ans de gestion de<\/strong><br \/><strong>projets publicitaires.<\/strong><br \/><strong>Service Rapide et Local : Nous comprenons l&rsquo;urgence des<\/strong><br \/><strong>entrepreneurs de la Rive-Nord et de Montr\u00e9al.<\/strong><br \/><strong>Qualit\u00e9 Sup\u00e9rieure : Nous utilisons uniquement des marques<\/strong><br \/><strong>reconnues pour garantir la durabilit\u00e9 face au climat qu\u00e9b\u00e9cois.<\/strong><br \/><strong>Confiez-nous votre image, nous mettrons vos produits en lumi\u00e8re.\u00a0\u00bb<\/strong><\/p>\t\t\t\t\t\t<\/div>\n\t\t\t\t<\/div>\n\t\t\t\t<section class=\"elementor-section elementor-inner-section elementor-element elementor-element-3fd546f elementor-section-full_width elementor-section-height-default elementor-section-height-default\" data-id=\"3fd546f\" data-element_type=\"section\">\n\t\t\t\t\t\t<div class=\"elementor-container elementor-column-gap-default\">\n\t\t\t\t\t<div class=\"elementor-column elementor-col-50 elementor-inner-column elementor-element elementor-element-496678a\" data-id=\"496678a\" data-element_type=\"column\">\n\t\t\t<div class=\"elementor-widget-wrap\">\n\t\t\t\t\t\t\t<\/div>\n\t\t<\/div>\n\t\t\t\t<div class=\"elementor-column elementor-col-50 elementor-inner-column elementor-element elementor-element-7d9c286\" data-id=\"7d9c286\" data-element_type=\"column\">\n\t\t\t<div class=\"elementor-widget-wrap\">\n\t\t\t\t\t\t\t<\/div>\n\t\t<\/div>\n\t\t\t\t\t<\/div>\n\t\t<\/section>\n\t\t\t\t\t<\/div>\n\t\t<\/section>\n\t\t\t\t<div class=\"elementor-column elementor-col-50 elementor-inner-column elementor-element elementor-element-915cf91\" data-id=\"915cf91\" data-element_type=\"column\">\n\t\t\t<div class=\"elementor-widget-wrap elementor-element-populated\">\n\t\t\t\t\t\t<div class=\"elementor-element elementor-element-393e4f6 elementor-invisible elementor-widget elementor-widget-image\" data-id=\"393e4f6\" data-element_type=\"widget\" data-settings=\"{&quot;_animation&quot;:&quot;fadeInUp&quot;}\" data-widget_type=\"image.default\">\n\t\t\t\t<div class=\"elementor-widget-container\">\n\t\t\t\t\t\t\t\t\t\t\t\t\t<img decoding=\"async\" width=\"2048\" height=\"1536\" src=\"https:\/\/www.wrap-deco.com\/wp-content\/uploads\/2024\/04\/20210519_145624-1-2048x1536.jpg\" class=\"attachment-2048x2048 size-2048x2048 wp-image-3712\" alt=\"\" srcset=\"https:\/\/www.wrap-deco.com\/wp-content\/uploads\/2024\/04\/20210519_145624-1-2048x1536.jpg 2048w, https:\/\/www.wrap-deco.com\/wp-content\/uploads\/2024\/04\/20210519_145624-1-300x225.jpg 300w, https:\/\/www.wrap-deco.com\/wp-content\/uploads\/2024\/04\/20210519_145624-1-1024x768.jpg 1024w, https:\/\/www.wrap-deco.com\/wp-content\/uploads\/2024\/04\/20210519_145624-1-768x576.jpg 768w, https:\/\/www.wrap-deco.com\/wp-content\/uploads\/2024\/04\/20210519_145624-1-1536x1152.jpg 1536w, https:\/\/www.wrap-deco.com\/wp-content\/uploads\/2024\/04\/20210519_145624-1-16x12.jpg 16w, https:\/\/www.wrap-deco.com\/wp-content\/uploads\/2024\/04\/20210519_145624-1-600x450.jpg 600w, https:\/\/www.wrap-deco.com\/wp-content\/uploads\/2024\/04\/20210519_145624-1-72x54.jpg 72w, https:\/\/www.wrap-deco.com\/wp-content\/uploads\/2024\/04\/20210519_145624-1-64x48.jpg 64w, https:\/\/www.wrap-deco.com\/wp-content\/uploads\/2024\/04\/20210519_145624-1-120x90.jpg 120w\" sizes=\"(max-width: 2048px) 100vw, 2048px\" \/>\t\t\t\t\t\t\t\t\t\t\t\t\t<\/div>\n\t\t\t\t<\/div>\n\t\t\t\t\t<\/div>\n\t\t<\/div>\n\t\t\t\t\t<\/div>\n\t\t<\/section>\n\t\t\t\t\t<\/div>\n\t\t<\/div>\n\t\t\t\t\t<\/div>\n\t\t<\/section>\n\t\t\t\t<section class=\"elementor-section elementor-top-section elementor-element elementor-element-9ec5685 elementor-section-boxed elementor-section-height-default elementor-section-height-default\" data-id=\"9ec5685\" data-element_type=\"section\">\n\t\t\t\t\t\t<div class=\"elementor-container elementor-column-gap-default\">\n\t\t\t\t\t<div class=\"elementor-column elementor-col-33 elementor-top-column elementor-element elementor-element-16baedc\" data-id=\"16baedc\" data-element_type=\"column\">\n\t\t\t<div class=\"elementor-widget-wrap elementor-element-populated\">\n\t\t\t\t\t\t<div class=\"elementor-element elementor-element-3014575 elementor-invisible elementor-widget elementor-widget-image\" data-id=\"3014575\" data-element_type=\"widget\" data-settings=\"{&quot;_animation&quot;:&quot;fadeInRight&quot;}\" data-widget_type=\"image.default\">\n\t\t\t\t<div class=\"elementor-widget-container\">\n\t\t\t\t\t\t\t\t\t\t\t\t\t<img decoding=\"async\" width=\"312\" height=\"312\" src=\"https:\/\/www.wrap-deco.com\/wp-content\/uploads\/2024\/04\/Capture-decran-le-2024-04-18-a-11.01.24.png\" class=\"attachment-large size-large wp-image-3357\" alt=\"\" srcset=\"https:\/\/www.wrap-deco.com\/wp-content\/uploads\/2024\/04\/Capture-decran-le-2024-04-18-a-11.01.24.png 312w, https:\/\/www.wrap-deco.com\/wp-content\/uploads\/2024\/04\/Capture-decran-le-2024-04-18-a-11.01.24-300x300.png 300w, https:\/\/www.wrap-deco.com\/wp-content\/uploads\/2024\/04\/Capture-decran-le-2024-04-18-a-11.01.24-150x150.png 150w, https:\/\/www.wrap-deco.com\/wp-content\/uploads\/2024\/04\/Capture-decran-le-2024-04-18-a-11.01.24-12x12.png 12w, https:\/\/www.wrap-deco.com\/wp-content\/uploads\/2024\/04\/Capture-decran-le-2024-04-18-a-11.01.24-90x90.png 90w, https:\/\/www.wrap-deco.com\/wp-content\/uploads\/2024\/04\/Capture-decran-le-2024-04-18-a-11.01.24-54x54.png 54w, https:\/\/www.wrap-deco.com\/wp-content\/uploads\/2024\/04\/Capture-decran-le-2024-04-18-a-11.01.24-50x50.png 50w, https:\/\/www.wrap-deco.com\/wp-content\/uploads\/2024\/04\/Capture-decran-le-2024-04-18-a-11.01.24-100x100.png 100w, https:\/\/www.wrap-deco.com\/wp-content\/uploads\/2024\/04\/Capture-decran-le-2024-04-18-a-11.01.24-96x96.png 96w, https:\/\/www.wrap-deco.com\/wp-content\/uploads\/2024\/04\/Capture-decran-le-2024-04-18-a-11.01.24-64x64.png 64w\" sizes=\"(max-width: 312px) 100vw, 312px\" \/>\t\t\t\t\t\t\t\t\t\t\t\t\t<\/div>\n\t\t\t\t<\/div>\n\t\t\t\t\t<\/div>\n\t\t<\/div>\n\t\t\t\t<div class=\"elementor-column elementor-col-33 elementor-top-column elementor-element elementor-element-e8a1b56\" data-id=\"e8a1b56\" data-element_type=\"column\">\n\t\t\t<div class=\"elementor-widget-wrap elementor-element-populated\">\n\t\t\t\t\t\t<div class=\"elementor-element elementor-element-f21c7a5 elementor-invisible elementor-widget elementor-widget-image\" data-id=\"f21c7a5\" data-element_type=\"widget\" data-settings=\"{&quot;_animation&quot;:&quot;fadeInLeft&quot;}\" data-widget_type=\"image.default\">\n\t\t\t\t<div class=\"elementor-widget-container\">\n\t\t\t\t\t\t\t\t\t\t\t\t\t<img loading=\"lazy\" decoding=\"async\" width=\"312\" height=\"312\" src=\"https:\/\/www.wrap-deco.com\/wp-content\/uploads\/2024\/04\/Capture-decran-le-2024-04-18-a-11.01.21.png\" class=\"attachment-large size-large wp-image-3356\" alt=\"\" srcset=\"https:\/\/www.wrap-deco.com\/wp-content\/uploads\/2024\/04\/Capture-decran-le-2024-04-18-a-11.01.21.png 312w, https:\/\/www.wrap-deco.com\/wp-content\/uploads\/2024\/04\/Capture-decran-le-2024-04-18-a-11.01.21-300x300.png 300w, https:\/\/www.wrap-deco.com\/wp-content\/uploads\/2024\/04\/Capture-decran-le-2024-04-18-a-11.01.21-150x150.png 150w, https:\/\/www.wrap-deco.com\/wp-content\/uploads\/2024\/04\/Capture-decran-le-2024-04-18-a-11.01.21-12x12.png 12w, https:\/\/www.wrap-deco.com\/wp-content\/uploads\/2024\/04\/Capture-decran-le-2024-04-18-a-11.01.21-90x90.png 90w, https:\/\/www.wrap-deco.com\/wp-content\/uploads\/2024\/04\/Capture-decran-le-2024-04-18-a-11.01.21-54x54.png 54w, https:\/\/www.wrap-deco.com\/wp-content\/uploads\/2024\/04\/Capture-decran-le-2024-04-18-a-11.01.21-50x50.png 50w, https:\/\/www.wrap-deco.com\/wp-content\/uploads\/2024\/04\/Capture-decran-le-2024-04-18-a-11.01.21-100x100.png 100w, https:\/\/www.wrap-deco.com\/wp-content\/uploads\/2024\/04\/Capture-decran-le-2024-04-18-a-11.01.21-96x96.png 96w, https:\/\/www.wrap-deco.com\/wp-content\/uploads\/2024\/04\/Capture-decran-le-2024-04-18-a-11.01.21-64x64.png 64w\" sizes=\"(max-width: 312px) 100vw, 312px\" \/>\t\t\t\t\t\t\t\t\t\t\t\t\t<\/div>\n\t\t\t\t<\/div>\n\t\t\t\t\t<\/div>\n\t\t<\/div>\n\t\t\t\t<div class=\"elementor-column elementor-col-33 elementor-top-column elementor-element elementor-element-e98c7d7\" data-id=\"e98c7d7\" data-element_type=\"column\">\n\t\t\t<div class=\"elementor-widget-wrap elementor-element-populated\">\n\t\t\t\t\t\t<div class=\"elementor-element elementor-element-b3e1f7e elementor-invisible elementor-widget elementor-widget-image\" data-id=\"b3e1f7e\" data-element_type=\"widget\" data-settings=\"{&quot;_animation&quot;:&quot;fadeIn&quot;}\" data-widget_type=\"image.default\">\n\t\t\t\t<div class=\"elementor-widget-container\">\n\t\t\t\t\t\t\t\t\t\t\t\t\t<img loading=\"lazy\" decoding=\"async\" width=\"510\" height=\"510\" src=\"https:\/\/www.wrap-deco.com\/wp-content\/uploads\/2024\/04\/Capture-decran-le-2024-04-18-a-11.01.18.png\" class=\"attachment-large size-large wp-image-3355\" alt=\"\" srcset=\"https:\/\/www.wrap-deco.com\/wp-content\/uploads\/2024\/04\/Capture-decran-le-2024-04-18-a-11.01.18.png 510w, https:\/\/www.wrap-deco.com\/wp-content\/uploads\/2024\/04\/Capture-decran-le-2024-04-18-a-11.01.18-300x300.png 300w, https:\/\/www.wrap-deco.com\/wp-content\/uploads\/2024\/04\/Capture-decran-le-2024-04-18-a-11.01.18-150x150.png 150w, https:\/\/www.wrap-deco.com\/wp-content\/uploads\/2024\/04\/Capture-decran-le-2024-04-18-a-11.01.18-12x12.png 12w, https:\/\/www.wrap-deco.com\/wp-content\/uploads\/2024\/04\/Capture-decran-le-2024-04-18-a-11.01.18-450x450.png 450w, https:\/\/www.wrap-deco.com\/wp-content\/uploads\/2024\/04\/Capture-decran-le-2024-04-18-a-11.01.18-90x90.png 90w, https:\/\/www.wrap-deco.com\/wp-content\/uploads\/2024\/04\/Capture-decran-le-2024-04-18-a-11.01.18-54x54.png 54w, https:\/\/www.wrap-deco.com\/wp-content\/uploads\/2024\/04\/Capture-decran-le-2024-04-18-a-11.01.18-50x50.png 50w, https:\/\/www.wrap-deco.com\/wp-content\/uploads\/2024\/04\/Capture-decran-le-2024-04-18-a-11.01.18-100x100.png 100w, https:\/\/www.wrap-deco.com\/wp-content\/uploads\/2024\/04\/Capture-decran-le-2024-04-18-a-11.01.18-96x96.png 96w, https:\/\/www.wrap-deco.com\/wp-content\/uploads\/2024\/04\/Capture-decran-le-2024-04-18-a-11.01.18-64x64.png 64w\" sizes=\"(max-width: 510px) 100vw, 510px\" \/>\t\t\t\t\t\t\t\t\t\t\t\t\t<\/div>\n\t\t\t\t<\/div>\n\t\t\t\t\t<\/div>\n\t\t<\/div>\n\t\t\t\t\t<\/div>\n\t\t<\/section>\n\t\t\t\t<section class=\"elementor-section elementor-top-section elementor-element elementor-element-1cb0571 elementor-section-boxed elementor-section-height-default elementor-section-height-default\" data-id=\"1cb0571\" data-element_type=\"section\">\n\t\t\t\t\t\t<div class=\"elementor-container elementor-column-gap-default\">\n\t\t\t\t\t<div class=\"elementor-column elementor-col-100 elementor-top-column elementor-element elementor-element-9448594\" data-id=\"9448594\" data-element_type=\"column\">\n\t\t\t<div class=\"elementor-widget-wrap elementor-element-populated\">\n\t\t\t\t\t\t<section class=\"elementor-section elementor-inner-section elementor-element elementor-element-5524abe elementor-section-boxed elementor-section-height-default elementor-section-height-default\" data-id=\"5524abe\" data-element_type=\"section\">\n\t\t\t\t\t\t<div class=\"elementor-container elementor-column-gap-default\">\n\t\t\t\t\t<div class=\"elementor-column elementor-col-50 elementor-inner-column elementor-element elementor-element-aca5b28\" data-id=\"aca5b28\" data-element_type=\"column\">\n\t\t\t<div class=\"elementor-widget-wrap\">\n\t\t\t\t\t\t\t<\/div>\n\t\t<\/div>\n\t\t\t\t<div class=\"elementor-column elementor-col-50 elementor-inner-column elementor-element elementor-element-15f511c\" data-id=\"15f511c\" data-element_type=\"column\">\n\t\t\t<div class=\"elementor-widget-wrap\">\n\t\t\t\t\t\t\t<\/div>\n\t\t<\/div>\n\t\t\t\t\t<\/div>\n\t\t<\/section>\n\t\t\t\t\t<\/div>\n\t\t<\/div>\n\t\t\t\t\t<\/div>\n\t\t<\/section>\n\t\t\t\t<section class=\"elementor-section elementor-top-section elementor-element elementor-element-750fed8 elementor-section-boxed elementor-section-height-default elementor-section-height-default\" data-id=\"750fed8\" data-element_type=\"section\">\n\t\t\t\t\t\t<div class=\"elementor-container elementor-column-gap-default\">\n\t\t\t\t\t<div class=\"elementor-column elementor-col-100 elementor-top-column elementor-element elementor-element-e086523\" data-id=\"e086523\" data-element_type=\"column\">\n\t\t\t<div class=\"elementor-widget-wrap elementor-element-populated\">\n\t\t\t\t\t\t<div class=\"elementor-element elementor-element-8c942b8 elementor-widget elementor-widget-text-editor\" data-id=\"8c942b8\" data-element_type=\"widget\" data-widget_type=\"text-editor.default\">\n\t\t\t\t<div class=\"elementor-widget-container\">\n\t\t\t\t\t\t\t<p>Lorem ipsum dolor sit amet, consectetur adipiscing elit. Ut elit tellus, luctus nec ullamcorper mattis, pulvinar dapibus leo.<\/p>\t\t\t\t\t\t<\/div>\n\t\t\t\t<\/div>\n\t\t\t\t\t<\/div>\n\t\t<\/div>\n\t\t\t\t\t<\/div>\n\t\t<\/section>\n\t\t\t\t<\/div>","protected":false},"excerpt":{"rendered":"<p>\u00c0 PROPOS DE NOUS 30 ans de passion et d&rsquo;expertise Services Wrap &amp; Deco Inc. Est bien plus qu\u2019une entreprise d\u2019affichage; c\u2019est le fruit de 30 ansd\u2019expertise internationale en communication visuelle.Fond\u00e9e en 2018 par Edwin Luligo, notre entreprise repose sur unsavoir-faire solide acquis depuis 1996, ann\u00e9e o\u00f9 Edwin a lanc\u00e9 sapremi\u00e8re agence, Guzman Publicidad, en<\/p>\n<div class=\"klb-readmore entry-button\"><a class=\"button\" href=\"https:\/\/www.wrap-deco.com\/en\/a-propos\/\">Read More<\/a><\/div>","protected":false},"author":1,"featured_media":0,"parent":0,"menu_order":0,"comment_status":"closed","ping_status":"closed","template":"","meta":{"footnotes":""},"class_list":["post-1544","page","type-page","status-publish","hentry"],"_links":{"self":[{"href":"https:\/\/www.wrap-deco.com\/en\/wp-json\/wp\/v2\/pages\/1544","targetHints":{"allow":["GET"]}}],"collection":[{"href":"https:\/\/www.wrap-deco.com\/en\/wp-json\/wp\/v2\/pages"}],"about":[{"href":"https:\/\/www.wrap-deco.com\/en\/wp-json\/wp\/v2\/types\/page"}],"author":[{"embeddable":true,"href":"https:\/\/www.wrap-deco.com\/en\/wp-json\/wp\/v2\/users\/1"}],"replies":[{"embeddable":true,"href":"https:\/\/www.wrap-deco.com\/en\/wp-json\/wp\/v2\/comments?post=1544"}],"version-history":[{"count":71,"href":"https:\/\/www.wrap-deco.com\/en\/wp-json\/wp\/v2\/pages\/1544\/revisions"}],"predecessor-version":[{"id":3848,"href":"https:\/\/www.wrap-deco.com\/en\/wp-json\/wp\/v2\/pages\/1544\/revisions\/3848"}],"wp:attachment":[{"href":"https:\/\/www.wrap-deco.com\/en\/wp-json\/wp\/v2\/media?parent=1544"}],"curies":[{"name":"wp","href":"https:\/\/api.w.org\/{rel}","templated":true}]}}