{"id":1181,"date":"2021-05-03T19:11:29","date_gmt":"2021-05-03T19:11:29","guid":{"rendered":"https:\/\/klbtheme.com\/bacola\/?page_id=1181"},"modified":"2026-02-03T17:17:15","modified_gmt":"2026-02-03T17:17:15","slug":"accueil","status":"publish","type":"page","link":"https:\/\/www.wrap-deco.com\/en\/","title":{"rendered":"Accueil"},"content":{"rendered":"<div data-elementor-type=\"wp-page\" data-elementor-id=\"1181\" class=\"elementor elementor-1181\">\n\t\t\t\t\t\t<section class=\"elementor-section elementor-top-section elementor-element elementor-element-d4b8ee9 elementor-section-boxed elementor-section-height-default elementor-section-height-default\" data-id=\"d4b8ee9\" data-element_type=\"section\">\n\t\t\t\t\t\t<div class=\"elementor-container elementor-column-gap-default\">\n\t\t\t\t\t<div class=\"elementor-column elementor-col-100 elementor-top-column elementor-element elementor-element-1c7e651\" data-id=\"1c7e651\" data-element_type=\"column\">\n\t\t\t<div class=\"elementor-widget-wrap elementor-element-populated\">\n\t\t\t\t\t\t<div class=\"elementor-element elementor-element-dc61bfd elementor-widget elementor-widget-bacola-banner-box3\" data-id=\"dc61bfd\" data-element_type=\"widget\" data-widget_type=\"bacola-banner-box3.default\">\n\t\t\t\t<div class=\"elementor-widget-container\">\n\t\t\t<div class=\"site-module module-banner image align-left align-center\"><div class=\"module-body\"><div class=\"banner-wrapper\"><div class=\"banner-content\"><div class=\"content-header\"><div class=\"discount-text color-success\"><\/div><\/div><div class=\"content-main\"><h3 class=\"entry-title color-text-light\">ENSEIGNES LUMINEUSES ET NON LUMINEUSES<\/h3><div class=\"entry-text color-info-dark\">Lettres Channels, Enseignes mural interior, Pylones ou piteaux, Structure d\u2019aluminium, etc.<\/div><\/div><a href=\"https:\/\/www.wrap-deco.com\/en\/enseignes-lumineuses-et-non-lumineuses\/\"  class=\"button button-danger rounded xsmall\">EN SAVOIR PLUS<\/a><\/div><div class=\"banner-thumbnail\"><img decoding=\"async\" src=\"https:\/\/www.wrap-deco.com\/wp-content\/uploads\/2026\/02\/caci.jpg\" alt=\"banner\"><\/div><a href=\"https:\/\/www.wrap-deco.com\/en\/enseignes-lumineuses-et-non-lumineuses\/\"  class=\"overlay-link\"><\/a><\/div><\/div><\/div>\t\t<\/div>\n\t\t\t\t<\/div>\n\t\t\t\t\t<\/div>\n\t\t<\/div>\n\t\t\t\t\t<\/div>\n\t\t<\/section>\n\t\t\t\t<section class=\"elementor-section elementor-top-section elementor-element elementor-element-6b3dc70 elementor-section-boxed elementor-section-height-default elementor-section-height-default\" data-id=\"6b3dc70\" data-element_type=\"section\">\n\t\t\t\t\t\t<div class=\"elementor-container elementor-column-gap-extended\">\n\t\t\t\t\t<div class=\"elementor-column elementor-col-50 elementor-top-column elementor-element elementor-element-bbe4113\" data-id=\"bbe4113\" data-element_type=\"column\">\n\t\t\t<div class=\"elementor-widget-wrap elementor-element-populated\">\n\t\t\t\t\t\t<div class=\"elementor-element elementor-element-0e2bb16 elementor-widget elementor-widget-bacola-banner-box3\" data-id=\"0e2bb16\" data-element_type=\"widget\" data-widget_type=\"bacola-banner-box3.default\">\n\t\t\t\t<div class=\"elementor-widget-container\">\n\t\t\t<div class=\"site-module module-banner image align-right align-center\"><div class=\"module-body\"><div class=\"banner-wrapper\"><div class=\"banner-content\"><div class=\"content-main\"><h4 class=\"entry-subtitle medium xlight color-text\"><\/h4><h3 class=\"entry-title large color-text\">LETTRAGE ET HABILLAGE DE VITRINES <\/h3><div class=\"entry-text color-info-dark\">Wrap &amp; D\u00e9co vous propose une large gamme de d\u00e9coration pour vos vitrines en vinyle d\u00e9coup\u00e9 ou imprim\u00e9.<\/div><\/div><a href=\"https:\/\/www.wrap-deco.com\/en\/lettrage-et-habillage-de-vitrines\/\"  class=\"button button-primary rounded xsmall\">EN SAVOIR PLUS<\/a><\/div><div class=\"banner-thumbnail\"><img decoding=\"async\" src=\"https:\/\/www.wrap-deco.com\/wp-content\/uploads\/2024\/04\/cat-lettrage.jpg\" alt=\"banner\"><\/div><a href=\"https:\/\/www.wrap-deco.com\/en\/lettrage-et-habillage-de-vitrines\/\"  class=\"overlay-link\"><\/a><\/div><\/div><\/div>\t\t<\/div>\n\t\t\t\t<\/div>\n\t\t\t\t\t<\/div>\n\t\t<\/div>\n\t\t\t\t<div class=\"elementor-column elementor-col-50 elementor-top-column elementor-element elementor-element-9439ed1\" data-id=\"9439ed1\" data-element_type=\"column\">\n\t\t\t<div class=\"elementor-widget-wrap elementor-element-populated\">\n\t\t\t\t\t\t<div class=\"elementor-element elementor-element-a1ee36e elementor-widget elementor-widget-bacola-banner-box3\" data-id=\"a1ee36e\" data-element_type=\"widget\" data-widget_type=\"bacola-banner-box3.default\">\n\t\t\t\t<div class=\"elementor-widget-container\">\n\t\t\t<div class=\"site-module module-banner image align-right align-center\"><div class=\"module-body\"><div class=\"banner-wrapper\"><div class=\"banner-content\"><div class=\"content-main\"><h4 class=\"entry-subtitle medium xlight color-text\"><\/h4><h3 class=\"entry-title large color-text\">WRAP \/ HABILLAGE AUTO<\/h3><div class=\"entry-text color-info-dark\">Nous faisons les lettrages en vinyle d\u00e9coup\u00e9 ou l&#039;habillage \/ Wrap complet ou partiel avec images<\/div><\/div><a href=\"https:\/\/www.wrap-deco.com\/en\/nos-services\/#conception\"  class=\"button button-primary rounded xsmall\">EN SAVOIR PLUS<\/a><\/div><div class=\"banner-thumbnail\"><img decoding=\"async\" src=\"https:\/\/www.wrap-deco.com\/wp-content\/uploads\/2024\/04\/cat-wrap.jpg\" alt=\"banner\"><\/div><a href=\"https:\/\/www.wrap-deco.com\/en\/nos-services\/#conception\"  class=\"overlay-link\"><\/a><\/div><\/div><\/div>\t\t<\/div>\n\t\t\t\t<\/div>\n\t\t\t\t\t<\/div>\n\t\t<\/div>\n\t\t\t\t\t<\/div>\n\t\t<\/section>\n\t\t\t\t<section class=\"elementor-section elementor-top-section elementor-element elementor-element-208e2d3 elementor-section-boxed elementor-section-height-default elementor-section-height-default\" data-id=\"208e2d3\" data-element_type=\"section\">\n\t\t\t\t\t\t<div class=\"elementor-container elementor-column-gap-default\">\n\t\t\t\t\t<div class=\"elementor-column elementor-col-100 elementor-top-column elementor-element elementor-element-cd83c60\" data-id=\"cd83c60\" data-element_type=\"column\">\n\t\t\t<div class=\"elementor-widget-wrap elementor-element-populated\">\n\t\t\t\t\t\t<div class=\"elementor-element elementor-element-5a215df elementor-widget elementor-widget-bacola-banner-box3\" data-id=\"5a215df\" data-element_type=\"widget\" data-widget_type=\"bacola-banner-box3.default\">\n\t\t\t\t<div class=\"elementor-widget-container\">\n\t\t\t<div class=\"site-module module-banner image align-left align-center\"><div class=\"module-body\"><div class=\"banner-wrapper\"><div class=\"banner-content\"><div class=\"content-header\"><div class=\"discount-text color-success\"><\/div><\/div><div class=\"content-main\"><h3 class=\"entry-title color-text-light\">CONCEPTION GRAPHIQUE<\/h3><div class=\"entry-text color-info-dark\">Nous offrons des services professionnels et cr\u00e9atifs de conception d\u2019enseignes de toutes formes et dimensions.<\/div><\/div><a href=\"https:\/\/www.wrap-deco.com\/en\/nos-services\/#conception\"  class=\"button button-primary rounded xsmall\">EN SAVOIR PLUS<\/a><\/div><div class=\"banner-thumbnail\"><img decoding=\"async\" src=\"https:\/\/www.electroelite.ca\/wp-content\/uploads\/2024\/02\/cat-moniteurs-ordi.jpg\" alt=\"banner\"><\/div><a href=\"https:\/\/www.wrap-deco.com\/en\/nos-services\/#conception\"  class=\"overlay-link\"><\/a><\/div><\/div><\/div>\t\t<\/div>\n\t\t\t\t<\/div>\n\t\t\t\t\t<\/div>\n\t\t<\/div>\n\t\t\t\t\t<\/div>\n\t\t<\/section>\n\t\t\t\t<section class=\"elementor-section elementor-top-section elementor-element elementor-element-0418959 elementor-section-boxed elementor-section-height-default elementor-section-height-default\" data-id=\"0418959\" data-element_type=\"section\">\n\t\t\t\t\t\t<div class=\"elementor-container elementor-column-gap-extended\">\n\t\t\t\t\t<div class=\"elementor-column elementor-col-100 elementor-top-column elementor-element elementor-element-e41d4bd\" data-id=\"e41d4bd\" data-element_type=\"column\">\n\t\t\t<div class=\"elementor-widget-wrap elementor-element-populated\">\n\t\t\t\t\t\t<div class=\"elementor-element elementor-element-5ee4a77 elementor-widget elementor-widget-bacola-product-carousel\" data-id=\"5ee4a77\" data-element_type=\"widget\" data-widget_type=\"bacola-product-carousel.default\">\n\t\t\t\t<div class=\"elementor-widget-container\">\n\t\t\t<div class=\"site-module module-carousel\"><div class=\"module-header\"><div class=\"column\"><h4 class=\"entry-title\">NOS PRODUITS<\/h4><div class=\"entry-description\"><\/div><\/div><div class=\"column\"><a class=\"button button-info-default xsmall rounded\" href=\"https:\/\/www.wrap-deco.com\/en\/magasinez\/?orderby=popularity\" >See all products <i class=\"klbth-icon-right-arrow\"><\/i><\/a><\/div><\/div><div class=\"module-body\"><div class=\"slider-wrapper\"><svg class=\"preloader\" width=\"65px\" height=\"65px\" viewbox=\"0 0 66 66\" xmlns=\"http:\/\/www.w3.org\/2000\/svg\"><circle class=\"path\" fill=\"none\" stroke-width=\"6\" stroke-linecap=\"round\" cx=\"33\" cy=\"33\" r=\"30\"><\/circle><\/svg><div class=\"products site-slider\" data-slideshow=\"5\" data-mobile=\"1\" data-slidespeed=\"1200\" data-arrows=\"true\" data-autoplay=\"false\" data-autospeed=\"\" data-dots=\"false\"><\/div><\/div><\/div><\/div>\t\t<\/div>\n\t\t\t\t<\/div>\n\t\t\t\t\t<\/div>\n\t\t<\/div>\n\t\t\t\t\t<\/div>\n\t\t<\/section>\n\t\t\t\t<\/div>","protected":false},"excerpt":{"rendered":"<p>ENSEIGNES LUMINEUSES ET NON LUMINEUSES Lettres Channels, Enseignes mural interior, Pylones ou piteaux, Structure d\u2019aluminium, etc.EN SAVOIR PLUS LETTRAGE ET HABILLAGE DE VITRINES Wrap &amp; D\u00e9co vous propose une large gamme de d\u00e9coration pour vos vitrines en vinyle d\u00e9coup\u00e9 ou imprim\u00e9.EN SAVOIR PLUS WRAP \/ HABILLAGE AUTO Nous faisons les lettrages en vinyle d\u00e9coup\u00e9 ou<\/p>\n<div class=\"klb-readmore entry-button\"><a class=\"button\" href=\"https:\/\/www.wrap-deco.com\/en\/\">Read More<\/a><\/div>","protected":false},"author":1,"featured_media":0,"parent":0,"menu_order":0,"comment_status":"closed","ping_status":"closed","template":"","meta":{"footnotes":""},"class_list":["post-1181","page","type-page","status-publish","hentry"],"_links":{"self":[{"href":"https:\/\/www.wrap-deco.com\/en\/wp-json\/wp\/v2\/pages\/1181","targetHints":{"allow":["GET"]}}],"collection":[{"href":"https:\/\/www.wrap-deco.com\/en\/wp-json\/wp\/v2\/pages"}],"about":[{"href":"https:\/\/www.wrap-deco.com\/en\/wp-json\/wp\/v2\/types\/page"}],"author":[{"embeddable":true,"href":"https:\/\/www.wrap-deco.com\/en\/wp-json\/wp\/v2\/users\/1"}],"replies":[{"embeddable":true,"href":"https:\/\/www.wrap-deco.com\/en\/wp-json\/wp\/v2\/comments?post=1181"}],"version-history":[{"count":233,"href":"https:\/\/www.wrap-deco.com\/en\/wp-json\/wp\/v2\/pages\/1181\/revisions"}],"predecessor-version":[{"id":3862,"href":"https:\/\/www.wrap-deco.com\/en\/wp-json\/wp\/v2\/pages\/1181\/revisions\/3862"}],"wp:attachment":[{"href":"https:\/\/www.wrap-deco.com\/en\/wp-json\/wp\/v2\/media?parent=1181"}],"curies":[{"name":"wp","href":"https:\/\/api.w.org\/{rel}","templated":true}]}}